{"id":540,"date":"2021-02-11T18:26:31","date_gmt":"2021-02-11T18:26:31","guid":{"rendered":"http:\/\/bideratu.com\/?page_id=540"},"modified":"2021-02-11T18:46:37","modified_gmt":"2021-02-11T18:46:37","slug":"politica-de-privacidad","status":"publish","type":"page","link":"https:\/\/bideratu.com\/eu\/politica-de-privacidad\/","title":{"rendered":"POL\u00cdTICA DE PRIVACIDAD"},"content":{"rendered":"<h2 class=\"p1\"><b>Pol\u00edtica de Privacidad<\/b><\/h2>\n<p class=\"p4\">La presente pol\u00edtica de privacidad regula el uso del servicio del portal de Internet bideratu.com (en adelante, el &#8220;Web&#8221;) de CENTRO DE FORMACI\u00d3N BIDERATU, S.L. con domicilio social en C\/ MARINO ARCHER, 43, NAVE 20-21, BILBAO, 48013, BIZKAIA con CIF B95349411.<\/p>\n<p class=\"p5\"><b>Confidencialidad y Protecci\u00f3n de Datos<\/b><\/p>\n<p class=\"p4\">A efecto de lo previsto en RGPD de 27 de abril de 2016, y LO 3\/2018 de 5 diciembre (LOPDGDD) CENTRO DE FORMACI\u00d3N BIDERATU, S.L. informa al Usuario de la existencia de un tratamiento automatizado de datos de car\u00e1cter personal creado por y para CENTRO DE FORMACI\u00d3N BIDERATU, S.L. y bajo su responsabilidad, con la finalidad de realizar el mantenimiento y gesti\u00f3n de la relaci\u00f3n con el Usuario, as\u00ed como las labores de informaci\u00f3n. En el momento de la aceptaci\u00f3n de las presentes condiciones generales, CENTRO DE FORMACI\u00d3N BIDERATU, S.L. precisar\u00e1 del Usuario la recogida de unos datos imprescindibles para la prestaci\u00f3n de sus servicios.<\/p>\n<p class=\"p5\"><b>Registro de ficheros y formularios<\/b><\/p>\n<p class=\"p4\">La cumplimentaci\u00f3n del formulario de registro es obligatoria para acceder y disfrutar de determinados servicios ofrecidos en la web. El no facilitar los datos personales solicitados o el no aceptar la presente pol\u00edtica de protecci\u00f3n de datos supone la imposibilidad de suscribirse, registrarse o participar en cualquiera de las promociones en las que se soliciten datos car\u00e1cter personal.<\/p>\n<p class=\"p4\">A efecto de lo previsto en RGPD de 27 de abril de 2016, y LO 3\/2018 de 5 diciembre (LOPDGDD) le informamos que los datos personales que se obtengan como consecuencia de su registro como Usuario, ser\u00e1n incorporados a un fichero titularidad de CENTRO DE FORMACI\u00d3N BIDERATU, S.L. con C.I.F B95349411 y domicilio en C\/ MARINO ARCHER, 43, NAVE 20-21, BILBAO, 48013, BIZKAIA, teniendo implementadas las medidas de seguridad establecidas en la vigente normativa objeto de aplicaci\u00f3n.<\/p>\n<p class=\"p5\"><b>Exactitud y veracidad de los datos facilitados<\/b><\/p>\n<p class=\"p4\">El Usuario es el \u00fanico responsable de la veracidad y correcci\u00f3n de los datos incluidos, exoner\u00e1ndose CENTRO DE FORMACI\u00d3N BIDERATU, S.L. de cualquier responsabilidad al respecto. Los usuarios garantizan y responden, en cualquier caso, de la exactitud, vigencia y autenticidad de los datos personales facilitados, y se comprometen a mantenerlos debidamente actualizados. El usuario acepta proporcionar informaci\u00f3n completa y correcta en el formulario de registro o suscripci\u00f3n. CENTRO DE FORMACI\u00d3N BIDERATU, S.L. no responde de la veracidad de las informaciones que no sean de elaboraci\u00f3n propia y de las que se indique otra fuente, por lo que tampoco asume responsabilidad alguna en cuanto a hipot\u00e9ticos perjuicios que pudieran originarse por el uso de dicha informaci\u00f3n.<span class=\"Apple-converted-space\">\u00a0 <\/span>CENTRO DE FORMACI\u00d3N BIDERATU, S.L. se reserva el derecho a actualizar, modificar o eliminar la informaci\u00f3n contenida en sus p\u00e1ginas web pudiendo incluso limitar o no permitir el acceso a dicha informaci\u00f3n. Se exonera a CENTRO DE FORMACI\u00d3N BIDERATU, S.L. de responsabilidad ante cualquier da\u00f1o o perjuicio que pudiera sufrir el Usuario como consecuencia de errores, defectos u omisiones, en la informaci\u00f3n facilitada por CENTRO DE FORMACI\u00d3N BIDERATU, S.L. siempre que proceda de fuentes ajenas a CENTRO DE FORMACI\u00d3N BIDERATU, S.L.<span class=\"s1\">.<\/span><\/p>\n<p class=\"p5\"><b>Cookies<\/b><\/p>\n<p class=\"p4\">El sitio bideratu.com no utiliza cookies, considerando tales ficheros f\u00edsicos de informaci\u00f3n alojados en el propio terminal del usuario y sirven para facilitar la navegaci\u00f3n del usuario por el portal. De todas formas, el usuario tiene la posibilidad de configurar el navegador de tal modo que impida la instalaci\u00f3n de estos archivos.<\/p>\n<p class=\"p5\"><b>Finalidades<\/b><\/p>\n<p class=\"p4\">Las finalidades de CENTRO DE FORMACI\u00d3N BIDERATU, S.L son el mantenimiento y gesti\u00f3n de la relaci\u00f3n con el Usuario, as\u00ed como las labores de informaci\u00f3n.<\/p>\n<p class=\"p5\"><b>Menores de edad<\/b><\/p>\n<p class=\"p4\">En el supuesto que algunos de nuestros servicios vayan dirigidos espec\u00edficamente a menores de edad, CENTRO DE FORMACI\u00d3N BIDERATU, S.L. solicitar\u00e1 la conformidad de los padres o tutores para la recogida de los datos personales o, en su caso, para el tratamiento automatizado de los datos.<\/p>\n<p class=\"p5\"><b>Cesi\u00f3n de datos a terceros<\/b><\/p>\n<p class=\"p4\">CENTRO DE FORMACI\u00d3N BIDERATU, S.L. no realizar\u00e1 cesi\u00f3n de datos de los usuarios a terceros.<\/p>\n<p class=\"p5\"><b>Ejercicio de derechos de acceso, rectificaci\u00f3n, cancelaci\u00f3n y oposici\u00f3n<\/b><\/p>\n<p class=\"p4\">Podr\u00e1 dirigir sus comunicaciones y ejercitar los derechos de acceso, rectificaci\u00f3n, supresi\u00f3n, limitaci\u00f3n, portabilidad y oposici\u00f3n en la direcci\u00f3n de Internet a bideratu.com o bien por correo ordinario dirigido a CENTRO DE FORMACI\u00d3N BIDERATU, S.L., Ref. RGPD, en C\/ MARINO ARCHER, 43, NAVE 20-21, BILBAO, 48013, BIZKAIA. Para ejercer dichos derechos es necesario que usted acredite su personalidad frente a CENTRO DE FORMACI\u00d3N BIDERATU, S.L. mediante el env\u00edo de fotocopia de Documento Nacional de Identidad o cualquier otro medio v\u00e1lido en Derecho. No obstante, la modificaci\u00f3n o rectificaci\u00f3n de sus datos de registro se podr\u00e1 realizar en el propio Site identific\u00e1ndose, previamente, con su usuario y contrase\u00f1a.<\/p>\n<p class=\"p5\"><b>Medidas de seguridad<\/b><\/p>\n<p class=\"p4\">CENTRO DE FORMACI\u00d3N BIDERATU, S.L. <span class=\"Apple-converted-space\">\u00a0 <\/span>ha adoptado los niveles de seguridad de protecci\u00f3n de los Datos Personales legalmente requeridos, y procuran instalar aquellos otros medios y medidas t\u00e9cnicas adicionales a su alcance para evitar la p\u00e9rdida, mal uso, alteraci\u00f3n, acceso no autorizado y robo de los Datos Personales facilitados a CENTRO DE FORMACI\u00d3N BIDERATU, S.L. no ser\u00e1 responsable de posibles da\u00f1os o perjuicios que se pudieran derivar de interferencias, omisiones, interrupciones, virus inform\u00e1ticos, aver\u00edas telef\u00f3nicas o desconexiones en el funcionamiento operativo de este sistema electr\u00f3nico, motivadas por causas ajenas a CENTRO DE FORMACI\u00d3N BIDERATU, S.L.; de retrasos o bloqueos en el uso del presente sistema electr\u00f3nico causados por deficiencias o sobrecargas de l\u00edneas telef\u00f3nicas o sobrecargas en el Centro de Procesos de Datos, en el sistema de Internet o en otros sistemas electr\u00f3nicos, as\u00ed como de da\u00f1os que puedan ser causados por terceras personas mediante intromisiones ileg\u00edtimas fuera del control de CENTRO DE FORMACI\u00d3N BIDERATU, S.L.. Ello, no obstante, el Usuario debe ser consciente de que las medidas de seguridad en Internet no son inexpugnables.<\/p>\n<p class=\"p5\"><b>Aceptaci\u00f3n y consentimiento<\/b><\/p>\n<p class=\"p4\">El usuario declara haber sido informado de las condiciones sobre protecci\u00f3n de datos personales, aceptando y consintiendo el tratamiento automatizado de los mismos por parte de CENTRO DE FORMACI\u00d3N BIDERATU, S.L., en la forma y para las finalidades indicadas en la presente Pol\u00edtica de Protecci\u00f3n de Datos Personales. Ciertos servicios prestados en el Portal pueden contener condiciones particulares con previsiones espec\u00edficas en materia de protecci\u00f3n de Datos Personales.<\/p>\n","protected":false},"excerpt":{"rendered":"<p>Pol\u00edtica de Privacidad La presente pol\u00edtica de privacidad regula el uso del servicio del portal de Internet bideratu.com (en adelante, el &#8220;Web&#8221;) de CENTRO DE FORMACI\u00d3N BIDERATU, S.L. con domicilio social en C\/ MARINO ARCHER, 43, NAVE 20-21, BILBAO, 48013, BIZKAIA con CIF B95349411. Confidencialidad y Protecci\u00f3n de Datos A efecto de lo previsto en&hellip;<\/p>\n","protected":false},"author":2,"featured_media":0,"parent":0,"menu_order":0,"comment_status":"closed","ping_status":"closed","template":"","meta":[],"_links":{"self":[{"href":"https:\/\/bideratu.com\/eu\/wp-json\/wp\/v2\/pages\/540"}],"collection":[{"href":"https:\/\/bideratu.com\/eu\/wp-json\/wp\/v2\/pages"}],"about":[{"href":"https:\/\/bideratu.com\/eu\/wp-json\/wp\/v2\/types\/page"}],"author":[{"embeddable":true,"href":"https:\/\/bideratu.com\/eu\/wp-json\/wp\/v2\/users\/2"}],"replies":[{"embeddable":true,"href":"https:\/\/bideratu.com\/eu\/wp-json\/wp\/v2\/comments?post=540"}],"version-history":[{"count":1,"href":"https:\/\/bideratu.com\/eu\/wp-json\/wp\/v2\/pages\/540\/revisions"}],"predecessor-version":[{"id":541,"href":"https:\/\/bideratu.com\/eu\/wp-json\/wp\/v2\/pages\/540\/revisions\/541"}],"wp:attachment":[{"href":"https:\/\/bideratu.com\/eu\/wp-json\/wp\/v2\/media?parent=540"}],"curies":[{"name":"wp","href":"https:\/\/api.w.org\/{rel}","templated":true}]}}