{"id":537,"date":"2021-02-11T18:25:07","date_gmt":"2021-02-11T18:25:07","guid":{"rendered":"http:\/\/bideratu.com\/?page_id=537"},"modified":"2021-02-11T18:46:10","modified_gmt":"2021-02-11T18:46:10","slug":"aviso-legal","status":"publish","type":"page","link":"https:\/\/bideratu.com\/eu\/aviso-legal\/","title":{"rendered":"AVISO LEGAL"},"content":{"rendered":"<h2 class=\"p1\"><b>Aviso legal<\/b><\/h2>\n<p class=\"p4\">El presente aviso legal (en adelante, el &#8220;Aviso Legal&#8221;) regula el uso del servicio del portal de Internet bideratu.com (en adelante, el &#8220;Web&#8221;) de CENTRO DE FORMACI\u00d3N BIDERATU, S.L. con domicilio social en C\/ MARINO ARCHER, 43, NAVE 20-21, BILBAO, 48013, BIZKAIA con CIF B95349411.<\/p>\n<p class=\"p5\"><b>Legislaci\u00f3n<\/b><\/p>\n<p class=\"p4\">Con car\u00e1cter general las relaciones entre CENTRO DE FORMACI\u00d3N BIDERATU, S.L. con los Usuarios de sus servicios telem\u00e1ticos, presentes en la web, se encuentran sometidas a la legislaci\u00f3n y jurisdicci\u00f3n espa\u00f1olas.<\/p>\n<p class=\"p4\">Las partes renuncian expresamente al fuero que les pudiera corresponder y someten expresamente a los Juzgados y Tribunales de BILBAO para resolver cualquier controversia que pueda surgir en la interpretaci\u00f3n o ejecuci\u00f3n de las presentes condiciones contractuales.<\/p>\n<p class=\"p5\"><b>Contenido y uso<\/b><\/p>\n<p class=\"p4\">El Usuario queda informado, y acepta, que el acceso a la presente web no supone, en modo alguno, el inicio de una relaci\u00f3n comercial con CENTRO DE FORMACI\u00d3N BIDERATU, S.L.<span class=\"s1\">.<\/span><\/p>\n<p class=\"p4\">El titular del web no se identifica con las opiniones vertidas en el mismo por sus colaboradores. La Empresa se reserva el derecho de efectuar sin previo aviso las modificaciones que considere oportunas en su Web, pudiendo cambiar, suprimir o a\u00f1adir tanto los contenidos y servicios que se presten a trav\u00e9s de la misma como la forma en la que \u00e9stos aparezcan presentados o localizados en sus servidores.<\/p>\n<p class=\"p5\"><b>Propiedad intelectual e industrial<\/b><\/p>\n<p class=\"p4\">Los derechos de propiedad intelectual del contenido de las p\u00e1ginas web, su dise\u00f1o gr\u00e1fico y c\u00f3digos son titularidad de CENTRO DE FORMACI\u00d3N BIDERATU, S.L. y, por tanto, queda prohibida su reproducci\u00f3n, distribuci\u00f3n, comunicaci\u00f3n p\u00fablica, transformaci\u00f3n o cualquier otra actividad que se pueda realizar con los contenidos de sus p\u00e1ginas web ni aun citando las fuentes, salvo consentimiento por escrito de CENTRO DE FORMACI\u00d3N BIDERATU, S.L.<span class=\"s1\">.<\/span> Todos los nombres comerciales, marcas o signos distintos de cualquier clase contenidos en las p\u00e1ginas web de la Empresa son propiedad de sus due\u00f1os y est\u00e1n protegidos por ley.<\/p>\n<p class=\"p5\"><b>Enlaces (Links)<\/b><\/p>\n<p class=\"p4\">La presencia de enlaces (links) en las p\u00e1ginas web de CENTRO DE FORMACI\u00d3N BIDERATU, S.L. tiene finalidad meramente informativa y en ning\u00fan caso supone sugerencia, invitaci\u00f3n o recomendaci\u00f3n sobre los mismos.<\/p>\n","protected":false},"excerpt":{"rendered":"<p>Aviso legal El presente aviso legal (en adelante, el &#8220;Aviso Legal&#8221;) regula el uso del servicio del portal de Internet bideratu.com (en adelante, el &#8220;Web&#8221;) de CENTRO DE FORMACI\u00d3N BIDERATU, S.L. con domicilio social en C\/ MARINO ARCHER, 43, NAVE 20-21, BILBAO, 48013, BIZKAIA con CIF B95349411. Legislaci\u00f3n Con car\u00e1cter general las relaciones entre CENTRO&hellip;<\/p>\n","protected":false},"author":2,"featured_media":0,"parent":0,"menu_order":0,"comment_status":"closed","ping_status":"closed","template":"","meta":[],"_links":{"self":[{"href":"https:\/\/bideratu.com\/eu\/wp-json\/wp\/v2\/pages\/537"}],"collection":[{"href":"https:\/\/bideratu.com\/eu\/wp-json\/wp\/v2\/pages"}],"about":[{"href":"https:\/\/bideratu.com\/eu\/wp-json\/wp\/v2\/types\/page"}],"author":[{"embeddable":true,"href":"https:\/\/bideratu.com\/eu\/wp-json\/wp\/v2\/users\/2"}],"replies":[{"embeddable":true,"href":"https:\/\/bideratu.com\/eu\/wp-json\/wp\/v2\/comments?post=537"}],"version-history":[{"count":2,"href":"https:\/\/bideratu.com\/eu\/wp-json\/wp\/v2\/pages\/537\/revisions"}],"predecessor-version":[{"id":542,"href":"https:\/\/bideratu.com\/eu\/wp-json\/wp\/v2\/pages\/537\/revisions\/542"}],"wp:attachment":[{"href":"https:\/\/bideratu.com\/eu\/wp-json\/wp\/v2\/media?parent=537"}],"curies":[{"name":"wp","href":"https:\/\/api.w.org\/{rel}","templated":true}]}}