{"id":170,"date":"2017-03-06T18:34:49","date_gmt":"2017-03-06T18:34:49","guid":{"rendered":"http:\/\/bideratu.com\/?page_id=170"},"modified":"2017-03-15T21:48:59","modified_gmt":"2017-03-15T21:48:59","slug":"panaderia-bolleria","status":"publish","type":"page","link":"https:\/\/bideratu.com\/eu\/panaderia-bolleria\/","title":{"rendered":"PANADER\u00cdA \/ BOLLER\u00cdA"},"content":{"rendered":"<h2><strong>Panader\u00eda \/ Boller\u00eda<\/strong><\/h2>\n<p>Desempe\u00f1ar las tareas relativas a la elaboraci\u00f3n de piezas de pan y boller\u00eda a partir de la selecci\u00f3n de materias primas y auxiliares, dosific\u00e1ndolas seg\u00fan f\u00f3rmula, utilizando la maquinaria, \u00fatiles y herramientas necesarias para realizar el amasado, formado de piezas, fermentaci\u00f3n, cocci\u00f3n y enfriado y su posterior envasado y expedici\u00f3n o venta, aplicando las t\u00e9cnicas adecuadas y respetando las normas legales vigentes, as\u00ed como las de Seguridad e Higiene en el Trabajo y las higi\u00e9nico-sanitarias y ambientales.<\/p>\n<p><img loading=\"lazy\" class=\"aligncenter wp-image-309\" src=\"http:\/\/bideratu.com\/wp-content\/uploads\/2017\/03\/bolleri\u0301a.jpg\" alt=\"\" width=\"1450\" height=\"545\" srcset=\"https:\/\/bideratu.com\/wp-content\/uploads\/2017\/03\/bolleri\u0301a.jpg 1250w, https:\/\/bideratu.com\/wp-content\/uploads\/2017\/03\/bolleri\u0301a-300x113.jpg 300w, https:\/\/bideratu.com\/wp-content\/uploads\/2017\/03\/bolleri\u0301a-768x289.jpg 768w, https:\/\/bideratu.com\/wp-content\/uploads\/2017\/03\/bolleri\u0301a-1024x385.jpg 1024w\" sizes=\"(max-width: 1450px) 100vw, 1450px\" \/><\/p>\n<p style=\"text-align: right;\"><a href=\"http:\/\/bideratu.com\/carretillero-y-logistica-de-almacen\/\" class=\"btn-shortcode dt-btn-m dt-btn default-btn-color default-btn-hover-color default-btn-bg-color default-btn-bg-hover-color fadeIn animate-element animation-builder\" id=\"dt-btn-1\"><i class=\"fa fa-chevron-circle-right\"><\/i><span>SIGUIENTE<\/span><\/a>\u00a0 <a href=\"http:\/\/bideratu.com\/oferta-formativa\/\" class=\"btn-shortcode dt-btn-m dt-btn default-btn-color default-btn-hover-color default-btn-bg-color default-btn-bg-hover-color fadeIn animate-element animation-builder\" id=\"dt-btn-2\"><i class=\"fa fa-chevron-circle-right\"><\/i><span>CURSOS<\/span><\/a><\/p>\n","protected":false},"excerpt":{"rendered":"<p>Panader\u00eda \/ Boller\u00eda Desempe\u00f1ar las tareas relativas a la elaboraci\u00f3n de piezas de pan y boller\u00eda a partir de la selecci\u00f3n de materias primas y auxiliares, dosific\u00e1ndolas seg\u00fan f\u00f3rmula, utilizando la maquinaria, \u00fatiles y herramientas necesarias para realizar el amasado, formado de piezas, fermentaci\u00f3n, cocci\u00f3n y enfriado y su posterior envasado y expedici\u00f3n o venta,&hellip;<\/p>\n","protected":false},"author":2,"featured_media":0,"parent":0,"menu_order":0,"comment_status":"closed","ping_status":"closed","template":"","meta":[],"_links":{"self":[{"href":"https:\/\/bideratu.com\/eu\/wp-json\/wp\/v2\/pages\/170"}],"collection":[{"href":"https:\/\/bideratu.com\/eu\/wp-json\/wp\/v2\/pages"}],"about":[{"href":"https:\/\/bideratu.com\/eu\/wp-json\/wp\/v2\/types\/page"}],"author":[{"embeddable":true,"href":"https:\/\/bideratu.com\/eu\/wp-json\/wp\/v2\/users\/2"}],"replies":[{"embeddable":true,"href":"https:\/\/bideratu.com\/eu\/wp-json\/wp\/v2\/comments?post=170"}],"version-history":[{"count":0,"href":"https:\/\/bideratu.com\/eu\/wp-json\/wp\/v2\/pages\/170\/revisions"}],"wp:attachment":[{"href":"https:\/\/bideratu.com\/eu\/wp-json\/wp\/v2\/media?parent=170"}],"curies":[{"name":"wp","href":"https:\/\/api.w.org\/{rel}","templated":true}]}}