{"id":164,"date":"2017-03-06T18:30:00","date_gmt":"2017-03-06T18:30:00","guid":{"rendered":"http:\/\/bideratu.com\/?page_id=164"},"modified":"2017-03-15T21:51:42","modified_gmt":"2017-03-15T21:51:42","slug":"atencion-en-superficies-comerciales","status":"publish","type":"page","link":"https:\/\/bideratu.com\/eu\/atencion-en-superficies-comerciales\/","title":{"rendered":"ATENCI\u00d3N EN SUPERFICIES COMERCIALES"},"content":{"rendered":"<h2><strong>Atenci\u00f3n en superficies comerciales<\/strong><\/h2>\n<p>Capacitar para realizar las tareas relativas a las diferentes secciones de cara a desempe\u00f1ar distintos puestos dentro de un establecimiento comercial, ofreciendo la polivalencia demandada y una visi\u00f3n global del negocio, posibilitando el acceso a puestos de mayor responsabilidad.<\/p>\n<p style=\"text-align: right;\"><img loading=\"lazy\" class=\"aligncenter wp-image-300\" src=\"http:\/\/bideratu.com\/wp-content\/uploads\/2017\/03\/supermercado-1.jpg\" alt=\"\" width=\"1450\" height=\"545\" srcset=\"https:\/\/bideratu.com\/wp-content\/uploads\/2017\/03\/supermercado-1.jpg 1250w, https:\/\/bideratu.com\/wp-content\/uploads\/2017\/03\/supermercado-1-300x113.jpg 300w, https:\/\/bideratu.com\/wp-content\/uploads\/2017\/03\/supermercado-1-768x289.jpg 768w, https:\/\/bideratu.com\/wp-content\/uploads\/2017\/03\/supermercado-1-1024x385.jpg 1024w\" sizes=\"(max-width: 1450px) 100vw, 1450px\" \/><\/p>\n<p style=\"text-align: right;\"><a href=\"http:\/\/bideratu.com\/caja-reposicion\/\" class=\"btn-shortcode dt-btn-m dt-btn default-btn-color default-btn-hover-color default-btn-bg-color default-btn-bg-hover-color fadeIn animate-element animation-builder\" id=\"dt-btn-1\"><i class=\"fa fa-chevron-circle-right\"><\/i><span>SIGUIENTE<\/span><\/a>\u00a0 <a href=\"http:\/\/bideratu.com\/oferta-formativa\/\" class=\"btn-shortcode dt-btn-m dt-btn default-btn-color default-btn-hover-color default-btn-bg-color default-btn-bg-hover-color fadeIn animate-element animation-builder\" id=\"dt-btn-2\"><i class=\"fa fa-chevron-circle-right\"><\/i><span>CURSOS<\/span><\/a><\/p>\n","protected":false},"excerpt":{"rendered":"<p>Atenci\u00f3n en superficies comerciales Capacitar para realizar las tareas relativas a las diferentes secciones de cara a desempe\u00f1ar distintos puestos dentro de un establecimiento comercial, ofreciendo la polivalencia demandada y una visi\u00f3n global del negocio, posibilitando el acceso a puestos de mayor responsabilidad. \u00a0<\/p>\n","protected":false},"author":2,"featured_media":0,"parent":0,"menu_order":0,"comment_status":"closed","ping_status":"closed","template":"","meta":[],"_links":{"self":[{"href":"https:\/\/bideratu.com\/eu\/wp-json\/wp\/v2\/pages\/164"}],"collection":[{"href":"https:\/\/bideratu.com\/eu\/wp-json\/wp\/v2\/pages"}],"about":[{"href":"https:\/\/bideratu.com\/eu\/wp-json\/wp\/v2\/types\/page"}],"author":[{"embeddable":true,"href":"https:\/\/bideratu.com\/eu\/wp-json\/wp\/v2\/users\/2"}],"replies":[{"embeddable":true,"href":"https:\/\/bideratu.com\/eu\/wp-json\/wp\/v2\/comments?post=164"}],"version-history":[{"count":0,"href":"https:\/\/bideratu.com\/eu\/wp-json\/wp\/v2\/pages\/164\/revisions"}],"wp:attachment":[{"href":"https:\/\/bideratu.com\/eu\/wp-json\/wp\/v2\/media?parent=164"}],"curies":[{"name":"wp","href":"https:\/\/api.w.org\/{rel}","templated":true}]}}