{"id":162,"date":"2017-03-06T18:28:25","date_gmt":"2017-03-06T18:28:25","guid":{"rendered":"http:\/\/bideratu.com\/?page_id=162"},"modified":"2017-03-14T12:42:38","modified_gmt":"2017-03-14T12:42:38","slug":"auxiliar-de-eleboracion-en-industrias-alimentarias","status":"publish","type":"page","link":"https:\/\/bideratu.com\/eu\/auxiliar-de-eleboracion-en-industrias-alimentarias\/","title":{"rendered":"AUXILIAR DE ELABORACI\u00d3N EN INDUSTRIAS ALIMENTARIAS"},"content":{"rendered":"<h2><strong>Auxiliar de elaboraci\u00f3n en industrias alimentarias<\/strong><\/h2>\n<p>Realizar operaciones de apoyo en la recepci\u00f3n y preparaci\u00f3n de las materias primas y auxiliares que intervienen en los procesos productivos. Colaborar en dichos procesos, ayudando en las operaciones rutinarias y sencillas de elaboraci\u00f3n y envasado de productos alimentarios, de acuerdo a las instrucciones de trabajo y a las normas de higiene y seguridad espec\u00edficas. Manejar cargas con carretillas.<\/p>\n<p style=\"text-align: right;\"><img loading=\"lazy\" class=\"alignnone wp-image-245 size-full\" src=\"http:\/\/bideratu.com\/wp-content\/uploads\/2017\/03\/auxiliar.jpg\" alt=\"\" width=\"1250\" height=\"470\" srcset=\"https:\/\/bideratu.com\/wp-content\/uploads\/2017\/03\/auxiliar.jpg 1250w, https:\/\/bideratu.com\/wp-content\/uploads\/2017\/03\/auxiliar-300x113.jpg 300w, https:\/\/bideratu.com\/wp-content\/uploads\/2017\/03\/auxiliar-768x289.jpg 768w, https:\/\/bideratu.com\/wp-content\/uploads\/2017\/03\/auxiliar-1024x385.jpg 1024w\" sizes=\"(max-width: 1250px) 100vw, 1250px\" \/><\/p>\n<p style=\"text-align: right;\"><a href=\"http:\/\/bideratu.com\/atencion-en-superficies-comerciales\/\" class=\"btn-shortcode dt-btn-m dt-btn default-btn-color default-btn-hover-color default-btn-bg-color default-btn-bg-hover-color fadeIn animate-element animation-builder\" id=\"dt-btn-1\"><i class=\"fa fa-chevron-circle-right\"><\/i><span>SIGUIENTE<\/span><\/a>\u00a0 <a href=\"http:\/\/bideratu.com\/oferta-formativa\/\" class=\"btn-shortcode dt-btn-m dt-btn default-btn-color default-btn-hover-color default-btn-bg-color default-btn-bg-hover-color fadeIn animate-element animation-builder\" id=\"dt-btn-2\"><i class=\"fa fa-chevron-circle-right\"><\/i><span>CURSOS<\/span><\/a><\/p>\n","protected":false},"excerpt":{"rendered":"<p>Auxiliar de elaboraci\u00f3n en industrias alimentarias Realizar operaciones de apoyo en la recepci\u00f3n y preparaci\u00f3n de las materias primas y auxiliares que intervienen en los procesos productivos. Colaborar en dichos procesos, ayudando en las operaciones rutinarias y sencillas de elaboraci\u00f3n y envasado de productos alimentarios, de acuerdo a las instrucciones de trabajo y a las&hellip;<\/p>\n","protected":false},"author":2,"featured_media":0,"parent":0,"menu_order":0,"comment_status":"closed","ping_status":"closed","template":"","meta":[],"_links":{"self":[{"href":"https:\/\/bideratu.com\/eu\/wp-json\/wp\/v2\/pages\/162"}],"collection":[{"href":"https:\/\/bideratu.com\/eu\/wp-json\/wp\/v2\/pages"}],"about":[{"href":"https:\/\/bideratu.com\/eu\/wp-json\/wp\/v2\/types\/page"}],"author":[{"embeddable":true,"href":"https:\/\/bideratu.com\/eu\/wp-json\/wp\/v2\/users\/2"}],"replies":[{"embeddable":true,"href":"https:\/\/bideratu.com\/eu\/wp-json\/wp\/v2\/comments?post=162"}],"version-history":[{"count":0,"href":"https:\/\/bideratu.com\/eu\/wp-json\/wp\/v2\/pages\/162\/revisions"}],"wp:attachment":[{"href":"https:\/\/bideratu.com\/eu\/wp-json\/wp\/v2\/media?parent=162"}],"curies":[{"name":"wp","href":"https:\/\/api.w.org\/{rel}","templated":true}]}}