{"id":154,"date":"2017-03-06T18:19:26","date_gmt":"2017-03-06T18:19:26","guid":{"rendered":"http:\/\/bideratu.com\/?page_id=154"},"modified":"2017-03-13T20:45:47","modified_gmt":"2017-03-13T20:45:47","slug":"dependiente-de-carniceria","status":"publish","type":"page","link":"https:\/\/bideratu.com\/eu\/dependiente-de-carniceria\/","title":{"rendered":"DEPENDIENTE DE CARNICER\u00cdA"},"content":{"rendered":"<h2><strong>Dependiente\/a de carnicer\u00eda<\/strong><\/h2>\n<p>Realizar la recepci\u00f3n de canales de los animales de abasto (porcino, vacuno, lanar), procediendo al despiece, fileteado y picado, haciendo uso de la maquinaria y equipos correspondientes, as\u00ed como la preparaci\u00f3n y acondicionamiento de las carnes para su posterior comercializaci\u00f3n en carnicer\u00eda, respetando las normas vigentes de higiene y seguridad en el trabajo.<\/p>\n<p><img loading=\"lazy\" class=\"alignnone wp-image-216\" src=\"http:\/\/bideratu.com\/wp-content\/uploads\/2017\/03\/carne-300x113.jpg\" alt=\"\" width=\"1250\" height=\"470\" srcset=\"https:\/\/bideratu.com\/wp-content\/uploads\/2017\/03\/carne-300x113.jpg 300w, https:\/\/bideratu.com\/wp-content\/uploads\/2017\/03\/carne-768x289.jpg 768w, https:\/\/bideratu.com\/wp-content\/uploads\/2017\/03\/carne.jpg 1000w\" sizes=\"(max-width: 1250px) 100vw, 1250px\" \/><\/p>\n<p style=\"text-align: right;\"><a href=\"http:\/\/bideratu.com\/dependiente-de-carniceria-charcuteria\/\" class=\"btn-shortcode dt-btn-m dt-btn default-btn-color default-btn-hover-color default-btn-bg-color default-btn-bg-hover-color fadeIn animate-element animation-builder\" id=\"dt-btn-1\"><i class=\"fa fa-chevron-circle-right\"><\/i><span>SIGUIENTE<\/span><\/a>\u00a0 <a href=\"http:\/\/bideratu.com\/oferta-formativa\/\" class=\"btn-shortcode dt-btn-m dt-btn default-btn-color default-btn-hover-color default-btn-bg-color default-btn-bg-hover-color fadeIn animate-element animation-builder\" id=\"dt-btn-2\"><i class=\"fa fa-chevron-circle-right\"><\/i><span>CURSOS<\/span><\/a><\/p>\n<p style=\"text-align: right;\">\n","protected":false},"excerpt":{"rendered":"<p>Dependiente\/a de carnicer\u00eda Realizar la recepci\u00f3n de canales de los animales de abasto (porcino, vacuno, lanar), procediendo al despiece, fileteado y picado, haciendo uso de la maquinaria y equipos correspondientes, as\u00ed como la preparaci\u00f3n y acondicionamiento de las carnes para su posterior comercializaci\u00f3n en carnicer\u00eda, respetando las normas vigentes de higiene y seguridad en el&hellip;<\/p>\n","protected":false},"author":2,"featured_media":0,"parent":0,"menu_order":0,"comment_status":"closed","ping_status":"closed","template":"","meta":[],"_links":{"self":[{"href":"https:\/\/bideratu.com\/eu\/wp-json\/wp\/v2\/pages\/154"}],"collection":[{"href":"https:\/\/bideratu.com\/eu\/wp-json\/wp\/v2\/pages"}],"about":[{"href":"https:\/\/bideratu.com\/eu\/wp-json\/wp\/v2\/types\/page"}],"author":[{"embeddable":true,"href":"https:\/\/bideratu.com\/eu\/wp-json\/wp\/v2\/users\/2"}],"replies":[{"embeddable":true,"href":"https:\/\/bideratu.com\/eu\/wp-json\/wp\/v2\/comments?post=154"}],"version-history":[{"count":0,"href":"https:\/\/bideratu.com\/eu\/wp-json\/wp\/v2\/pages\/154\/revisions"}],"wp:attachment":[{"href":"https:\/\/bideratu.com\/eu\/wp-json\/wp\/v2\/media?parent=154"}],"curies":[{"name":"wp","href":"https:\/\/api.w.org\/{rel}","templated":true}]}}